{"id":723,"date":"2021-03-05T10:15:40","date_gmt":"2021-03-05T10:15:40","guid":{"rendered":"https:\/\/www.utvasut-szeged.hu\/contact\/"},"modified":"2021-03-05T10:35:41","modified_gmt":"2021-03-05T10:35:41","slug":"contact","status":"publish","type":"page","link":"https:\/\/www.utvasut-szeged.hu\/en\/contact\/","title":{"rendered":"Contact"},"content":{"rendered":"\t\t<div data-elementor-type=\"wp-page\" data-elementor-id=\"723\" class=\"elementor elementor-723 elementor-42\">\n\t\t\t\t\t\t<section class=\"elementor-section elementor-top-section elementor-element elementor-element-af9ed41 elementor-section-boxed elementor-section-height-default elementor-section-height-default\" data-id=\"af9ed41\" data-element_type=\"section\" data-e-type=\"section\">\n\t\t\t\t\t\t<div class=\"elementor-container elementor-column-gap-default\">\n\t\t\t\t\t<div class=\"elementor-column elementor-col-100 elementor-top-column elementor-element elementor-element-caa19f8\" data-id=\"caa19f8\" data-element_type=\"column\" data-e-type=\"column\">\n\t\t\t<div class=\"elementor-widget-wrap elementor-element-populated\">\n\t\t\t\t\t\t<div class=\"elementor-element elementor-element-5e90524 elementor-hidden-phone elementor-widget elementor-widget-spacer\" data-id=\"5e90524\" data-element_type=\"widget\" data-e-type=\"widget\" data-widget_type=\"spacer.default\">\n\t\t\t\t<div class=\"elementor-widget-container\">\n\t\t\t\t\t\t\t<div class=\"elementor-spacer\">\n\t\t\t<div class=\"elementor-spacer-inner\"><\/div>\n\t\t<\/div>\n\t\t\t\t\t\t<\/div>\n\t\t\t\t<\/div>\n\t\t\t\t<div class=\"elementor-element elementor-element-42d0213 elementor-widget elementor-widget-text-editor\" data-id=\"42d0213\" data-element_type=\"widget\" data-e-type=\"widget\" data-widget_type=\"text-editor.default\">\n\t\t\t\t<div class=\"elementor-widget-container\">\n\t\t\t\t\t\t\t\t\t<h3>UTVASUT-SZEGED Construction, Engineering, Trading and Servicing<br \/>\nEnterprise Ltd.<\/h3>\n\t\t\t\t\t\t\t\t<\/div>\n\t\t\t\t<\/div>\n\t\t\t\t<div class=\"elementor-element elementor-element-c710d19 elementor-widget-divider--view-line elementor-widget elementor-widget-divider\" data-id=\"c710d19\" data-element_type=\"widget\" data-e-type=\"widget\" data-widget_type=\"divider.default\">\n\t\t\t\t<div class=\"elementor-widget-container\">\n\t\t\t\t\t\t\t<div class=\"elementor-divider\">\n\t\t\t<span class=\"elementor-divider-separator\">\n\t\t\t\t\t\t<\/span>\n\t\t<\/div>\n\t\t\t\t\t\t<\/div>\n\t\t\t\t<\/div>\n\t\t\t\t<section class=\"elementor-section elementor-inner-section elementor-element elementor-element-079f3b2 elementor-section-boxed elementor-section-height-default elementor-section-height-default\" data-id=\"079f3b2\" data-element_type=\"section\" data-e-type=\"section\">\n\t\t\t\t\t\t<div class=\"elementor-container elementor-column-gap-default\">\n\t\t\t\t\t<div class=\"elementor-column elementor-col-25 elementor-inner-column elementor-element elementor-element-83c0636\" data-id=\"83c0636\" data-element_type=\"column\" data-e-type=\"column\">\n\t\t\t<div class=\"elementor-widget-wrap elementor-element-populated\">\n\t\t\t\t\t\t<div class=\"elementor-element elementor-element-fe803ea elementor-widget elementor-widget-image\" data-id=\"fe803ea\" data-element_type=\"widget\" data-e-type=\"widget\" data-widget_type=\"image.default\">\n\t\t\t\t<div class=\"elementor-widget-container\">\n\t\t\t\t\t\t\t\t\t\t\t\t\t\t\t\t<a href=\"https:\/\/www.utvasut-szeged.hu\/wp-content\/uploads\/2021\/03\/Algyo-1.jpg\" data-elementor-open-lightbox=\"yes\" data-elementor-lightbox-title=\"Algy\u0151i telephely\" data-elementor-lightbox-description=\"Algy\u0151i telephely\" data-e-action-hash=\"#elementor-action%3Aaction%3Dlightbox%26settings%3DeyJpZCI6NTA1LCJ1cmwiOiJodHRwczpcL1wvd3d3LnV0dmFzdXQtc3plZ2VkLmh1XC93cC1jb250ZW50XC91cGxvYWRzXC8yMDIxXC8wM1wvQWxneW8tMS5qcGcifQ%3D%3D\">\n\t\t\t\t\t\t\t<img decoding=\"async\" width=\"150\" height=\"150\" src=\"https:\/\/www.utvasut-szeged.hu\/wp-content\/uploads\/2021\/03\/Algyo-1-150x150.jpg\" class=\"elementor-animation-shrink attachment-thumbnail size-thumbnail wp-image-505\" alt=\"Algy\u0151i telephely\" srcset=\"https:\/\/www.utvasut-szeged.hu\/wp-content\/uploads\/2021\/03\/Algyo-1-150x150.jpg 150w, https:\/\/www.utvasut-szeged.hu\/wp-content\/uploads\/2021\/03\/Algyo-1-300x300.jpg 300w, https:\/\/www.utvasut-szeged.hu\/wp-content\/uploads\/2021\/03\/Algyo-1-768x768.jpg 768w, https:\/\/www.utvasut-szeged.hu\/wp-content\/uploads\/2021\/03\/Algyo-1.jpg 800w\" sizes=\"(max-width: 150px) 100vw, 150px\" \/>\t\t\t\t\t\t\t\t<\/a>\n\t\t\t\t\t\t\t\t\t\t\t\t\t\t\t<\/div>\n\t\t\t\t<\/div>\n\t\t\t\t\t<\/div>\n\t\t<\/div>\n\t\t\t\t<div class=\"elementor-column elementor-col-25 elementor-inner-column elementor-element elementor-element-ca313da\" data-id=\"ca313da\" data-element_type=\"column\" data-e-type=\"column\">\n\t\t\t<div class=\"elementor-widget-wrap elementor-element-populated\">\n\t\t\t\t\t\t<div class=\"elementor-element elementor-element-8cac630 elementor-widget elementor-widget-text-editor\" data-id=\"8cac630\" data-element_type=\"widget\" data-e-type=\"widget\" data-widget_type=\"text-editor.default\">\n\t\t\t\t<div class=\"elementor-widget-container\">\n\t\t\t\t\t\t\t\t\t<h5>HEADQUARTERS<\/h5>\n<h4>H-6750 Algy\u0151, Jura Ipari Park 52\/a., Hungary<\/h4>\n<h4>+36 (62) 267-246<\/h4>\n\t\t\t\t\t\t\t\t<\/div>\n\t\t\t\t<\/div>\n\t\t\t\t\t<\/div>\n\t\t<\/div>\n\t\t\t\t<div class=\"elementor-column elementor-col-25 elementor-inner-column elementor-element elementor-element-ee7acfa\" data-id=\"ee7acfa\" data-element_type=\"column\" data-e-type=\"column\">\n\t\t\t<div class=\"elementor-widget-wrap elementor-element-populated\">\n\t\t\t\t\t\t<div class=\"elementor-element elementor-element-59616a8 elementor-widget elementor-widget-image\" data-id=\"59616a8\" data-element_type=\"widget\" data-e-type=\"widget\" data-widget_type=\"image.default\">\n\t\t\t\t<div class=\"elementor-widget-container\">\n\t\t\t\t\t\t\t\t\t\t\t\t\t\t\t\t<a href=\"https:\/\/www.utvasut-szeged.hu\/wp-content\/uploads\/2021\/03\/BP.jpg\" data-elementor-open-lightbox=\"yes\" data-elementor-lightbox-title=\"Budapesti Admin\" data-elementor-lightbox-description=\"Budapesti Admin\" data-e-action-hash=\"#elementor-action%3Aaction%3Dlightbox%26settings%3DeyJpZCI6NzI1LCJ1cmwiOiJodHRwczpcL1wvd3d3LnV0dmFzdXQtc3plZ2VkLmh1XC93cC1jb250ZW50XC91cGxvYWRzXC8yMDIxXC8wM1wvQlAuanBnIn0%3D\">\n\t\t\t\t\t\t\t<img decoding=\"async\" width=\"150\" height=\"150\" src=\"https:\/\/www.utvasut-szeged.hu\/wp-content\/uploads\/2021\/03\/BP-150x150.jpg\" class=\"elementor-animation-shrink attachment-thumbnail size-thumbnail wp-image-725\" alt=\"\" srcset=\"https:\/\/www.utvasut-szeged.hu\/wp-content\/uploads\/2021\/03\/BP-150x150.jpg 150w, https:\/\/www.utvasut-szeged.hu\/wp-content\/uploads\/2021\/03\/BP-300x300.jpg 300w, https:\/\/www.utvasut-szeged.hu\/wp-content\/uploads\/2021\/03\/BP-768x768.jpg 768w, https:\/\/www.utvasut-szeged.hu\/wp-content\/uploads\/2021\/03\/BP.jpg 800w\" sizes=\"(max-width: 150px) 100vw, 150px\" \/>\t\t\t\t\t\t\t\t<\/a>\n\t\t\t\t\t\t\t\t\t\t\t\t\t\t\t<\/div>\n\t\t\t\t<\/div>\n\t\t\t\t\t<\/div>\n\t\t<\/div>\n\t\t\t\t<div class=\"elementor-column elementor-col-25 elementor-inner-column elementor-element elementor-element-10e7175\" data-id=\"10e7175\" data-element_type=\"column\" data-e-type=\"column\">\n\t\t\t<div class=\"elementor-widget-wrap elementor-element-populated\">\n\t\t\t\t\t\t<div class=\"elementor-element elementor-element-ca8727d elementor-widget elementor-widget-text-editor\" data-id=\"ca8727d\" data-element_type=\"widget\" data-e-type=\"widget\" data-widget_type=\"text-editor.default\">\n\t\t\t\t<div class=\"elementor-widget-container\">\n\t\t\t\t\t\t\t\t\t<h5>MANAGEMENT OFFICE<\/h5>\n<h4>H-1025 Budapest, Mandula u.17., Hungary<\/h4>\n<h4>+36(1) 3150-974<\/h4>\n\t\t\t\t\t\t\t\t<\/div>\n\t\t\t\t<\/div>\n\t\t\t\t\t<\/div>\n\t\t<\/div>\n\t\t\t\t\t<\/div>\n\t\t<\/section>\n\t\t\t\t<div class=\"elementor-element elementor-element-9f24b45 elementor-widget-divider--view-line elementor-widget elementor-widget-divider\" data-id=\"9f24b45\" data-element_type=\"widget\" data-e-type=\"widget\" data-widget_type=\"divider.default\">\n\t\t\t\t<div class=\"elementor-widget-container\">\n\t\t\t\t\t\t\t<div class=\"elementor-divider\">\n\t\t\t<span class=\"elementor-divider-separator\">\n\t\t\t\t\t\t<\/span>\n\t\t<\/div>\n\t\t\t\t\t\t<\/div>\n\t\t\t\t<\/div>\n\t\t\t\t<div class=\"elementor-element elementor-element-13184bb elementor-hidden-phone elementor-widget elementor-widget-spacer\" data-id=\"13184bb\" data-element_type=\"widget\" data-e-type=\"widget\" data-widget_type=\"spacer.default\">\n\t\t\t\t<div class=\"elementor-widget-container\">\n\t\t\t\t\t\t\t<div class=\"elementor-spacer\">\n\t\t\t<div class=\"elementor-spacer-inner\"><\/div>\n\t\t<\/div>\n\t\t\t\t\t\t<\/div>\n\t\t\t\t<\/div>\n\t\t\t\t<div class=\"elementor-element elementor-element-178fe61 elementor-widget elementor-widget-image\" data-id=\"178fe61\" data-element_type=\"widget\" data-e-type=\"widget\" data-widget_type=\"image.default\">\n\t\t\t\t<div class=\"elementor-widget-container\">\n\t\t\t\t\t\t\t\t\t\t\t\t\t\t\t<img fetchpriority=\"high\" decoding=\"async\" width=\"1300\" height=\"618\" src=\"https:\/\/www.utvasut-szeged.hu\/wp-content\/uploads\/2021\/03\/Telephely_iroda.jpg\" class=\"attachment-full size-full wp-image-726\" alt=\"\" srcset=\"https:\/\/www.utvasut-szeged.hu\/wp-content\/uploads\/2021\/03\/Telephely_iroda.jpg 1300w, https:\/\/www.utvasut-szeged.hu\/wp-content\/uploads\/2021\/03\/Telephely_iroda-300x143.jpg 300w, https:\/\/www.utvasut-szeged.hu\/wp-content\/uploads\/2021\/03\/Telephely_iroda-1024x487.jpg 1024w, https:\/\/www.utvasut-szeged.hu\/wp-content\/uploads\/2021\/03\/Telephely_iroda-768x365.jpg 768w\" sizes=\"(max-width: 1300px) 100vw, 1300px\" \/>\t\t\t\t\t\t\t\t\t\t\t\t\t\t\t<\/div>\n\t\t\t\t<\/div>\n\t\t\t\t\t<\/div>\n\t\t<\/div>\n\t\t\t\t\t<\/div>\n\t\t<\/section>\n\t\t\t\t<\/div>\n\t\t","protected":false},"excerpt":{"rendered":"<p>UTVASUT-SZEGED Construction, Engineering, Trading and Servicing Enterprise Ltd. HEADQUARTERS H-6750 Algy\u0151, Jura Ipari Park 52\/a., Hungary +36 (62) 267-246 MANAGEMENT OFFICE H-1025 Budapest, Mandula u.17., Hungary +36(1) 3150-974<\/p>\n","protected":false},"author":1,"featured_media":0,"parent":0,"menu_order":0,"comment_status":"closed","ping_status":"closed","template":"","meta":{"footnotes":""},"class_list":["post-723","page","type-page","status-publish","hentry"],"yoast_head":"<!-- This site is optimized with the Yoast SEO plugin v27.4 - https:\/\/yoast.com\/product\/yoast-seo-wordpress\/ -->\n<title>Contact - UTVASUT-SZEGED Kft.<\/title>\n<meta name=\"description\" content=\"UTVASUT-SZEGED Construction, Engineering, Trading and Servicing Enterprise Ltd. contact information\" \/>\n<meta name=\"robots\" content=\"index, follow, max-snippet:-1, max-image-preview:large, max-video-preview:-1\" \/>\n<link rel=\"canonical\" href=\"https:\/\/www.utvasut-szeged.hu\/en\/contact\/\" \/>\n<meta property=\"og:locale\" content=\"en_US\" \/>\n<meta property=\"og:type\" content=\"article\" \/>\n<meta property=\"og:title\" content=\"Contact - UTVASUT-SZEGED Kft.\" \/>\n<meta property=\"og:description\" content=\"UTVASUT-SZEGED Construction, Engineering, Trading and Servicing Enterprise Ltd. contact information\" \/>\n<meta property=\"og:url\" content=\"https:\/\/www.utvasut-szeged.hu\/en\/contact\/\" \/>\n<meta property=\"og:site_name\" content=\"UTVASUT-SZEGED Kft.\" \/>\n<meta property=\"article:modified_time\" content=\"2021-03-05T10:35:41+00:00\" \/>\n<meta property=\"og:image\" content=\"https:\/\/www.utvasut-szeged.hu\/wp-content\/uploads\/2021\/03\/Algyo-1-150x150.jpg\" \/>\n<meta name=\"twitter:card\" content=\"summary_large_image\" \/>\n<script type=\"application\/ld+json\" class=\"yoast-schema-graph\">{\"@context\":\"https:\\\/\\\/schema.org\",\"@graph\":[{\"@type\":\"WebPage\",\"@id\":\"https:\\\/\\\/www.utvasut-szeged.hu\\\/en\\\/contact\\\/\",\"url\":\"https:\\\/\\\/www.utvasut-szeged.hu\\\/en\\\/contact\\\/\",\"name\":\"Contact - UTVASUT-SZEGED Kft.\",\"isPartOf\":{\"@id\":\"https:\\\/\\\/www.utvasut-szeged.hu\\\/en\\\/#website\"},\"primaryImageOfPage\":{\"@id\":\"https:\\\/\\\/www.utvasut-szeged.hu\\\/en\\\/contact\\\/#primaryimage\"},\"image\":{\"@id\":\"https:\\\/\\\/www.utvasut-szeged.hu\\\/en\\\/contact\\\/#primaryimage\"},\"thumbnailUrl\":\"https:\\\/\\\/www.utvasut-szeged.hu\\\/wp-content\\\/uploads\\\/2021\\\/03\\\/Algyo-1-150x150.jpg\",\"datePublished\":\"2021-03-05T10:15:40+00:00\",\"dateModified\":\"2021-03-05T10:35:41+00:00\",\"description\":\"UTVASUT-SZEGED Construction, Engineering, Trading and Servicing Enterprise Ltd. contact information\",\"breadcrumb\":{\"@id\":\"https:\\\/\\\/www.utvasut-szeged.hu\\\/en\\\/contact\\\/#breadcrumb\"},\"inLanguage\":\"en-US\",\"potentialAction\":[{\"@type\":\"ReadAction\",\"target\":[\"https:\\\/\\\/www.utvasut-szeged.hu\\\/en\\\/contact\\\/\"]}]},{\"@type\":\"ImageObject\",\"inLanguage\":\"en-US\",\"@id\":\"https:\\\/\\\/www.utvasut-szeged.hu\\\/en\\\/contact\\\/#primaryimage\",\"url\":\"https:\\\/\\\/www.utvasut-szeged.hu\\\/wp-content\\\/uploads\\\/2021\\\/03\\\/Algyo-1-150x150.jpg\",\"contentUrl\":\"https:\\\/\\\/www.utvasut-szeged.hu\\\/wp-content\\\/uploads\\\/2021\\\/03\\\/Algyo-1-150x150.jpg\"},{\"@type\":\"BreadcrumbList\",\"@id\":\"https:\\\/\\\/www.utvasut-szeged.hu\\\/en\\\/contact\\\/#breadcrumb\",\"itemListElement\":[{\"@type\":\"ListItem\",\"position\":1,\"name\":\"Kezd\u0151lap\",\"item\":\"https:\\\/\\\/www.utvasut-szeged.hu\\\/en\\\/\"},{\"@type\":\"ListItem\",\"position\":2,\"name\":\"Contact\"}]},{\"@type\":\"WebSite\",\"@id\":\"https:\\\/\\\/www.utvasut-szeged.hu\\\/en\\\/#website\",\"url\":\"https:\\\/\\\/www.utvasut-szeged.hu\\\/en\\\/\",\"name\":\"UTVASUT-SZEGED Kft.\",\"description\":\"Ipari \u00e9s technol\u00f3giai \u00e9p\u00edt\u00e9szet\",\"publisher\":{\"@id\":\"https:\\\/\\\/www.utvasut-szeged.hu\\\/en\\\/#organization\"},\"potentialAction\":[{\"@type\":\"SearchAction\",\"target\":{\"@type\":\"EntryPoint\",\"urlTemplate\":\"https:\\\/\\\/www.utvasut-szeged.hu\\\/en\\\/?s={search_term_string}\"},\"query-input\":{\"@type\":\"PropertyValueSpecification\",\"valueRequired\":true,\"valueName\":\"search_term_string\"}}],\"inLanguage\":\"en-US\"},{\"@type\":\"Organization\",\"@id\":\"https:\\\/\\\/www.utvasut-szeged.hu\\\/en\\\/#organization\",\"name\":\"UTVASUT-SZEGED Kft\",\"url\":\"https:\\\/\\\/www.utvasut-szeged.hu\\\/en\\\/\",\"logo\":{\"@type\":\"ImageObject\",\"inLanguage\":\"en-US\",\"@id\":\"https:\\\/\\\/www.utvasut-szeged.hu\\\/en\\\/#\\\/schema\\\/logo\\\/image\\\/\",\"url\":\"https:\\\/\\\/www.utvasut-szeged.hu\\\/wp-content\\\/uploads\\\/2021\\\/03\\\/cropped-UTVASUT_icon.png\",\"contentUrl\":\"https:\\\/\\\/www.utvasut-szeged.hu\\\/wp-content\\\/uploads\\\/2021\\\/03\\\/cropped-UTVASUT_icon.png\",\"width\":512,\"height\":512,\"caption\":\"UTVASUT-SZEGED Kft\"},\"image\":{\"@id\":\"https:\\\/\\\/www.utvasut-szeged.hu\\\/en\\\/#\\\/schema\\\/logo\\\/image\\\/\"}}]}<\/script>\n<!-- \/ Yoast SEO plugin. -->","yoast_head_json":{"title":"Contact - UTVASUT-SZEGED Kft.","description":"UTVASUT-SZEGED Construction, Engineering, Trading and Servicing Enterprise Ltd. contact information","robots":{"index":"index","follow":"follow","max-snippet":"max-snippet:-1","max-image-preview":"max-image-preview:large","max-video-preview":"max-video-preview:-1"},"canonical":"https:\/\/www.utvasut-szeged.hu\/en\/contact\/","og_locale":"en_US","og_type":"article","og_title":"Contact - UTVASUT-SZEGED Kft.","og_description":"UTVASUT-SZEGED Construction, Engineering, Trading and Servicing Enterprise Ltd. contact information","og_url":"https:\/\/www.utvasut-szeged.hu\/en\/contact\/","og_site_name":"UTVASUT-SZEGED Kft.","article_modified_time":"2021-03-05T10:35:41+00:00","og_image":[{"url":"https:\/\/www.utvasut-szeged.hu\/wp-content\/uploads\/2021\/03\/Algyo-1-150x150.jpg","type":"","width":"","height":""}],"twitter_card":"summary_large_image","schema":{"@context":"https:\/\/schema.org","@graph":[{"@type":"WebPage","@id":"https:\/\/www.utvasut-szeged.hu\/en\/contact\/","url":"https:\/\/www.utvasut-szeged.hu\/en\/contact\/","name":"Contact - UTVASUT-SZEGED Kft.","isPartOf":{"@id":"https:\/\/www.utvasut-szeged.hu\/en\/#website"},"primaryImageOfPage":{"@id":"https:\/\/www.utvasut-szeged.hu\/en\/contact\/#primaryimage"},"image":{"@id":"https:\/\/www.utvasut-szeged.hu\/en\/contact\/#primaryimage"},"thumbnailUrl":"https:\/\/www.utvasut-szeged.hu\/wp-content\/uploads\/2021\/03\/Algyo-1-150x150.jpg","datePublished":"2021-03-05T10:15:40+00:00","dateModified":"2021-03-05T10:35:41+00:00","description":"UTVASUT-SZEGED Construction, Engineering, Trading and Servicing Enterprise Ltd. contact information","breadcrumb":{"@id":"https:\/\/www.utvasut-szeged.hu\/en\/contact\/#breadcrumb"},"inLanguage":"en-US","potentialAction":[{"@type":"ReadAction","target":["https:\/\/www.utvasut-szeged.hu\/en\/contact\/"]}]},{"@type":"ImageObject","inLanguage":"en-US","@id":"https:\/\/www.utvasut-szeged.hu\/en\/contact\/#primaryimage","url":"https:\/\/www.utvasut-szeged.hu\/wp-content\/uploads\/2021\/03\/Algyo-1-150x150.jpg","contentUrl":"https:\/\/www.utvasut-szeged.hu\/wp-content\/uploads\/2021\/03\/Algyo-1-150x150.jpg"},{"@type":"BreadcrumbList","@id":"https:\/\/www.utvasut-szeged.hu\/en\/contact\/#breadcrumb","itemListElement":[{"@type":"ListItem","position":1,"name":"Kezd\u0151lap","item":"https:\/\/www.utvasut-szeged.hu\/en\/"},{"@type":"ListItem","position":2,"name":"Contact"}]},{"@type":"WebSite","@id":"https:\/\/www.utvasut-szeged.hu\/en\/#website","url":"https:\/\/www.utvasut-szeged.hu\/en\/","name":"UTVASUT-SZEGED Kft.","description":"Ipari \u00e9s technol\u00f3giai \u00e9p\u00edt\u00e9szet","publisher":{"@id":"https:\/\/www.utvasut-szeged.hu\/en\/#organization"},"potentialAction":[{"@type":"SearchAction","target":{"@type":"EntryPoint","urlTemplate":"https:\/\/www.utvasut-szeged.hu\/en\/?s={search_term_string}"},"query-input":{"@type":"PropertyValueSpecification","valueRequired":true,"valueName":"search_term_string"}}],"inLanguage":"en-US"},{"@type":"Organization","@id":"https:\/\/www.utvasut-szeged.hu\/en\/#organization","name":"UTVASUT-SZEGED Kft","url":"https:\/\/www.utvasut-szeged.hu\/en\/","logo":{"@type":"ImageObject","inLanguage":"en-US","@id":"https:\/\/www.utvasut-szeged.hu\/en\/#\/schema\/logo\/image\/","url":"https:\/\/www.utvasut-szeged.hu\/wp-content\/uploads\/2021\/03\/cropped-UTVASUT_icon.png","contentUrl":"https:\/\/www.utvasut-szeged.hu\/wp-content\/uploads\/2021\/03\/cropped-UTVASUT_icon.png","width":512,"height":512,"caption":"UTVASUT-SZEGED Kft"},"image":{"@id":"https:\/\/www.utvasut-szeged.hu\/en\/#\/schema\/logo\/image\/"}}]}},"_links":{"self":[{"href":"https:\/\/www.utvasut-szeged.hu\/en\/wp-json\/wp\/v2\/pages\/723","targetHints":{"allow":["GET"]}}],"collection":[{"href":"https:\/\/www.utvasut-szeged.hu\/en\/wp-json\/wp\/v2\/pages"}],"about":[{"href":"https:\/\/www.utvasut-szeged.hu\/en\/wp-json\/wp\/v2\/types\/page"}],"author":[{"embeddable":true,"href":"https:\/\/www.utvasut-szeged.hu\/en\/wp-json\/wp\/v2\/users\/1"}],"replies":[{"embeddable":true,"href":"https:\/\/www.utvasut-szeged.hu\/en\/wp-json\/wp\/v2\/comments?post=723"}],"version-history":[{"count":0,"href":"https:\/\/www.utvasut-szeged.hu\/en\/wp-json\/wp\/v2\/pages\/723\/revisions"}],"wp:attachment":[{"href":"https:\/\/www.utvasut-szeged.hu\/en\/wp-json\/wp\/v2\/media?parent=723"}],"curies":[{"name":"wp","href":"https:\/\/api.w.org\/{rel}","templated":true}]}}