{"id":756,"date":"2021-03-05T11:15:09","date_gmt":"2021-03-05T11:15:09","guid":{"rendered":"https:\/\/www.utvasut-szeged.hu\/certifications\/"},"modified":"2021-03-05T12:50:29","modified_gmt":"2021-03-05T12:50:29","slug":"certifications","status":"publish","type":"page","link":"https:\/\/www.utvasut-szeged.hu\/en\/certifications\/","title":{"rendered":"Certifications"},"content":{"rendered":"\t\t<div data-elementor-type=\"wp-page\" data-elementor-id=\"756\" class=\"elementor elementor-756 elementor-40\">\n\t\t\t\t\t\t<section class=\"elementor-section elementor-top-section elementor-element elementor-element-e94fd20 elementor-section-boxed elementor-section-height-default elementor-section-height-default\" data-id=\"e94fd20\" data-element_type=\"section\" data-e-type=\"section\">\n\t\t\t\t\t\t<div class=\"elementor-container elementor-column-gap-default\">\n\t\t\t\t\t<div class=\"elementor-column elementor-col-100 elementor-top-column elementor-element elementor-element-f28c5fc\" data-id=\"f28c5fc\" data-element_type=\"column\" data-e-type=\"column\">\n\t\t\t<div class=\"elementor-widget-wrap elementor-element-populated\">\n\t\t\t\t\t\t<div class=\"elementor-element elementor-element-a184505 elementor-hidden-phone elementor-widget elementor-widget-spacer\" data-id=\"a184505\" data-element_type=\"widget\" data-e-type=\"widget\" data-widget_type=\"spacer.default\">\n\t\t\t\t<div class=\"elementor-widget-container\">\n\t\t\t\t\t\t\t<div class=\"elementor-spacer\">\n\t\t\t<div class=\"elementor-spacer-inner\"><\/div>\n\t\t<\/div>\n\t\t\t\t\t\t<\/div>\n\t\t\t\t<\/div>\n\t\t\t\t<section class=\"elementor-section elementor-inner-section elementor-element elementor-element-0ce848d elementor-section-boxed elementor-section-height-default elementor-section-height-default\" data-id=\"0ce848d\" data-element_type=\"section\" data-e-type=\"section\">\n\t\t\t\t\t\t<div class=\"elementor-container elementor-column-gap-default\">\n\t\t\t\t\t<div class=\"elementor-column elementor-col-100 elementor-inner-column elementor-element elementor-element-3bc3c9c\" data-id=\"3bc3c9c\" data-element_type=\"column\" data-e-type=\"column\">\n\t\t\t<div class=\"elementor-widget-wrap elementor-element-populated\">\n\t\t\t\t\t\t<div class=\"elementor-element elementor-element-0a2212f elementor-widget elementor-widget-text-editor\" data-id=\"0a2212f\" data-element_type=\"widget\" data-e-type=\"widget\" data-widget_type=\"text-editor.default\">\n\t\t\t\t<div class=\"elementor-widget-container\">\n\t\t\t\t\t\t\t\t\t<h3>Proficiency Certificates and Licences<\/h3>\n\t\t\t\t\t\t\t\t<\/div>\n\t\t\t\t<\/div>\n\t\t\t\t<div class=\"elementor-element elementor-element-3878066 elementor-position-inline-start elementor-view-default elementor-mobile-position-block-start elementor-widget elementor-widget-icon-box\" data-id=\"3878066\" data-element_type=\"widget\" data-e-type=\"widget\" data-settings=\"{&quot;_animation&quot;:&quot;none&quot;}\" data-widget_type=\"icon-box.default\">\n\t\t\t\t<div class=\"elementor-widget-container\">\n\t\t\t\t\t\t\t<div class=\"elementor-icon-box-wrapper\">\n\n\t\t\t\t\t\t<div class=\"elementor-icon-box-icon\">\n\t\t\t\t<a href=\"https:\/\/www.utvasut-szeged.hu\/wp-content\/uploads\/2021\/03\/U\u0308GYE-tanu\u0301si\u0301tva\u0301ny-U\u0301tvasu\u0301t-2023.04.28.-ig_angol.pdf\" target=\"_blank\" class=\"elementor-icon\" tabindex=\"-1\" aria-label=\"FPC Cert for Load Bearing Steel Structures - valid until 2023.04.28.\">\n\t\t\t\t<i aria-hidden=\"true\" class=\"fas fa-file-pdf\"><\/i>\t\t\t\t<\/a>\n\t\t\t<\/div>\n\t\t\t\n\t\t\t\t\t\t<div class=\"elementor-icon-box-content\">\n\n\t\t\t\t\t\t\t\t\t<h3 class=\"elementor-icon-box-title\">\n\t\t\t\t\t\t<a href=\"https:\/\/www.utvasut-szeged.hu\/wp-content\/uploads\/2021\/03\/U\u0308GYE-tanu\u0301si\u0301tva\u0301ny-U\u0301tvasu\u0301t-2023.04.28.-ig_angol.pdf\" target=\"_blank\" >\n\t\t\t\t\t\t\tFPC Cert for Load Bearing Steel Structures - valid until 2023.04.28.\t\t\t\t\t\t<\/a>\n\t\t\t\t\t<\/h3>\n\t\t\t\t\n\t\t\t\t\n\t\t\t<\/div>\n\t\t\t\n\t\t<\/div>\n\t\t\t\t\t\t<\/div>\n\t\t\t\t<\/div>\n\t\t\t\t<div class=\"elementor-element elementor-element-4b4b80c elementor-position-inline-start elementor-view-default elementor-mobile-position-block-start elementor-widget elementor-widget-icon-box\" data-id=\"4b4b80c\" data-element_type=\"widget\" data-e-type=\"widget\" data-settings=\"{&quot;_animation&quot;:&quot;none&quot;}\" data-widget_type=\"icon-box.default\">\n\t\t\t\t<div class=\"elementor-widget-container\">\n\t\t\t\t\t\t\t<div class=\"elementor-icon-box-wrapper\">\n\n\t\t\t\t\t\t<div class=\"elementor-icon-box-icon\">\n\t\t\t\t<a href=\"https:\/\/www.utvasut-szeged.hu\/wp-content\/uploads\/2021\/03\/EN-1090-2.2018-tanu\u0301si\u0301tva\u0301ny-U\u0301tvasu\u0301t-2023.04.28.-ig_angol.pdf\" target=\"_blank\" class=\"elementor-icon\" tabindex=\"-1\" aria-label=\"FPC Cert for Professional Welding - valid until 2023.04.28.\">\n\t\t\t\t<i aria-hidden=\"true\" class=\"fas fa-file-pdf\"><\/i>\t\t\t\t<\/a>\n\t\t\t<\/div>\n\t\t\t\n\t\t\t\t\t\t<div class=\"elementor-icon-box-content\">\n\n\t\t\t\t\t\t\t\t\t<h3 class=\"elementor-icon-box-title\">\n\t\t\t\t\t\t<a href=\"https:\/\/www.utvasut-szeged.hu\/wp-content\/uploads\/2021\/03\/EN-1090-2.2018-tanu\u0301si\u0301tva\u0301ny-U\u0301tvasu\u0301t-2023.04.28.-ig_angol.pdf\" target=\"_blank\" >\n\t\t\t\t\t\t\tFPC Cert for Professional Welding - valid until 2023.04.28.\t\t\t\t\t\t<\/a>\n\t\t\t\t\t<\/h3>\n\t\t\t\t\n\t\t\t\t\n\t\t\t<\/div>\n\t\t\t\n\t\t<\/div>\n\t\t\t\t\t\t<\/div>\n\t\t\t\t<\/div>\n\t\t\t\t<div class=\"elementor-element elementor-element-719293e elementor-position-inline-start elementor-view-default elementor-mobile-position-block-start elementor-widget elementor-widget-icon-box\" data-id=\"719293e\" data-element_type=\"widget\" data-e-type=\"widget\" data-settings=\"{&quot;_animation&quot;:&quot;none&quot;}\" data-widget_type=\"icon-box.default\">\n\t\t\t\t<div class=\"elementor-widget-container\">\n\t\t\t\t\t\t\t<div class=\"elementor-icon-box-wrapper\">\n\n\t\t\t\t\t\t<div class=\"elementor-icon-box-icon\">\n\t\t\t\t<a href=\"https:\/\/www.utvasut-szeged.hu\/wp-content\/uploads\/2021\/03\/3834-2-Tanu\u0301si\u0301tva\u0301ny-1726-009-C-2023.04.30.-ig-angol.pdf\" target=\"_blank\" class=\"elementor-icon\" tabindex=\"-1\" aria-label=\"ISO Cert for High Pressure Equipment Production - valid until 2023.04.30.\">\n\t\t\t\t<i aria-hidden=\"true\" class=\"fas fa-file-pdf\"><\/i>\t\t\t\t<\/a>\n\t\t\t<\/div>\n\t\t\t\n\t\t\t\t\t\t<div class=\"elementor-icon-box-content\">\n\n\t\t\t\t\t\t\t\t\t<h3 class=\"elementor-icon-box-title\">\n\t\t\t\t\t\t<a href=\"https:\/\/www.utvasut-szeged.hu\/wp-content\/uploads\/2021\/03\/3834-2-Tanu\u0301si\u0301tva\u0301ny-1726-009-C-2023.04.30.-ig-angol.pdf\" target=\"_blank\" >\n\t\t\t\t\t\t\tISO Cert for High Pressure Equipment Production - valid until 2023.04.30.\t\t\t\t\t\t<\/a>\n\t\t\t\t\t<\/h3>\n\t\t\t\t\n\t\t\t\t\n\t\t\t<\/div>\n\t\t\t\n\t\t<\/div>\n\t\t\t\t\t\t<\/div>\n\t\t\t\t<\/div>\n\t\t\t\t<div class=\"elementor-element elementor-element-84878cc elementor-widget elementor-widget-spacer\" data-id=\"84878cc\" data-element_type=\"widget\" data-e-type=\"widget\" data-widget_type=\"spacer.default\">\n\t\t\t\t<div class=\"elementor-widget-container\">\n\t\t\t\t\t\t\t<div class=\"elementor-spacer\">\n\t\t\t<div class=\"elementor-spacer-inner\"><\/div>\n\t\t<\/div>\n\t\t\t\t\t\t<\/div>\n\t\t\t\t<\/div>\n\t\t\t\t<div class=\"elementor-element elementor-element-504ecfd elementor-widget elementor-widget-text-editor\" data-id=\"504ecfd\" data-element_type=\"widget\" data-e-type=\"widget\" data-widget_type=\"text-editor.default\">\n\t\t\t\t<div class=\"elementor-widget-container\">\n\t\t\t\t\t\t\t\t\t<h3>Quality Certificates<\/h3>\n\t\t\t\t\t\t\t\t<\/div>\n\t\t\t\t<\/div>\n\t\t\t\t<div class=\"elementor-element elementor-element-c7052f0 elementor-widget elementor-widget-text-editor\" data-id=\"c7052f0\" data-element_type=\"widget\" data-e-type=\"widget\" data-widget_type=\"text-editor.default\">\n\t\t\t\t<div class=\"elementor-widget-container\">\n\t\t\t\t\t\t\t\t\t<h5>SCC<\/h5>\n\t\t\t\t\t\t\t\t<\/div>\n\t\t\t\t<\/div>\n\t\t\t\t<div class=\"elementor-element elementor-element-7c6d67e elementor-position-inline-start elementor-view-default elementor-mobile-position-block-start elementor-widget elementor-widget-icon-box\" data-id=\"7c6d67e\" data-element_type=\"widget\" data-e-type=\"widget\" data-settings=\"{&quot;_animation&quot;:&quot;none&quot;}\" data-widget_type=\"icon-box.default\">\n\t\t\t\t<div class=\"elementor-widget-container\">\n\t\t\t\t\t\t\t<div class=\"elementor-icon-box-wrapper\">\n\n\t\t\t\t\t\t<div class=\"elementor-icon-box-icon\">\n\t\t\t\t<a href=\"https:\/\/www.utvasut-szeged.hu\/wp-content\/uploads\/2021\/03\/SCC-angol-2022.12.01.-ig.pdf\" target=\"_blank\" class=\"elementor-icon\" tabindex=\"-1\" aria-label=\"SCC angol 2022.12.01.-ig\">\n\t\t\t\t<i aria-hidden=\"true\" class=\"fas fa-file-pdf\"><\/i>\t\t\t\t<\/a>\n\t\t\t<\/div>\n\t\t\t\n\t\t\t\t\t\t<div class=\"elementor-icon-box-content\">\n\n\t\t\t\t\t\t\t\t\t<h3 class=\"elementor-icon-box-title\">\n\t\t\t\t\t\t<a href=\"https:\/\/www.utvasut-szeged.hu\/wp-content\/uploads\/2021\/03\/SCC-angol-2022.12.01.-ig.pdf\" target=\"_blank\" >\n\t\t\t\t\t\t\tSCC angol 2022.12.01.-ig\t\t\t\t\t\t<\/a>\n\t\t\t\t\t<\/h3>\n\t\t\t\t\n\t\t\t\t\n\t\t\t<\/div>\n\t\t\t\n\t\t<\/div>\n\t\t\t\t\t\t<\/div>\n\t\t\t\t<\/div>\n\t\t\t\t<div class=\"elementor-element elementor-element-f197d5c elementor-align-left elementor-widget elementor-widget-button\" data-id=\"f197d5c\" data-element_type=\"widget\" data-e-type=\"widget\" data-widget_type=\"button.default\">\n\t\t\t\t<div class=\"elementor-widget-container\">\n\t\t\t\t\t\t\t\t\t<div class=\"elementor-button-wrapper\">\n\t\t\t\t\t<a class=\"elementor-button elementor-button-link elementor-size-md\" href=\"https:\/\/www.utvasut-szeged.hu\/tanusitvanyok\/\">\n\t\t\t\t\t\t<span class=\"elementor-button-content-wrapper\">\n\t\t\t\t\t\t<span class=\"elementor-button-icon\">\n\t\t\t\t<i aria-hidden=\"true\" class=\" icomoon-the7-font-the7-arrow-07\"><\/i>\t\t\t<\/span>\n\t\t\t\t\t\t\t\t\t<span class=\"elementor-button-text\">Certificates issued in Hungarian<\/span>\n\t\t\t\t\t<\/span>\n\t\t\t\t\t<\/a>\n\t\t\t\t<\/div>\n\t\t\t\t\t\t\t\t<\/div>\n\t\t\t\t<\/div>\n\t\t\t\t\t<\/div>\n\t\t<\/div>\n\t\t\t\t\t<\/div>\n\t\t<\/section>\n\t\t\t\t\t<\/div>\n\t\t<\/div>\n\t\t\t\t\t<\/div>\n\t\t<\/section>\n\t\t\t\t<\/div>\n\t\t","protected":false},"excerpt":{"rendered":"<p>Proficiency Certificates and Licences FPC Cert for Load Bearing Steel Structures &#8211; valid until 2023.04.28. FPC Cert for Professional Welding &#8211; valid until 2023.04.28. ISO Cert for High Pressure Equipment Production &#8211; valid until 2023.04.30. Quality Certificates SCC SCC angol 2022.12.01.-ig Certificates issued in Hungarian<\/p>\n","protected":false},"author":1,"featured_media":0,"parent":0,"menu_order":0,"comment_status":"closed","ping_status":"closed","template":"","meta":{"footnotes":""},"class_list":["post-756","page","type-page","status-publish","hentry"],"yoast_head":"<!-- This site is optimized with the Yoast SEO plugin v27.5 - https:\/\/yoast.com\/product\/yoast-seo-wordpress\/ -->\n<title>Certifications - UTVASUT-SZEGED Kft.<\/title>\n<meta name=\"description\" content=\"Proficiency Certificates and Licences, Quality Certificates, EMT, NQA, SCC, ISO\" \/>\n<meta name=\"robots\" content=\"index, follow, max-snippet:-1, max-image-preview:large, max-video-preview:-1\" \/>\n<link rel=\"canonical\" href=\"https:\/\/www.utvasut-szeged.hu\/en\/certifications\/\" \/>\n<meta property=\"og:locale\" content=\"en_US\" \/>\n<meta property=\"og:type\" content=\"article\" \/>\n<meta property=\"og:title\" content=\"Certifications - UTVASUT-SZEGED Kft.\" \/>\n<meta property=\"og:description\" content=\"Proficiency Certificates and Licences, Quality Certificates, EMT, NQA, SCC, ISO\" \/>\n<meta property=\"og:url\" content=\"https:\/\/www.utvasut-szeged.hu\/en\/certifications\/\" \/>\n<meta property=\"og:site_name\" content=\"UTVASUT-SZEGED Kft.\" \/>\n<meta property=\"article:modified_time\" content=\"2021-03-05T12:50:29+00:00\" \/>\n<meta name=\"twitter:card\" content=\"summary_large_image\" \/>\n<meta name=\"twitter:label1\" content=\"Est. reading time\" \/>\n\t<meta name=\"twitter:data1\" content=\"1 minute\" \/>\n<script type=\"application\/ld+json\" class=\"yoast-schema-graph\">{\"@context\":\"https:\\\/\\\/schema.org\",\"@graph\":[{\"@type\":\"WebPage\",\"@id\":\"https:\\\/\\\/www.utvasut-szeged.hu\\\/en\\\/certifications\\\/\",\"url\":\"https:\\\/\\\/www.utvasut-szeged.hu\\\/en\\\/certifications\\\/\",\"name\":\"Certifications - UTVASUT-SZEGED Kft.\",\"isPartOf\":{\"@id\":\"https:\\\/\\\/www.utvasut-szeged.hu\\\/en\\\/#website\"},\"datePublished\":\"2021-03-05T11:15:09+00:00\",\"dateModified\":\"2021-03-05T12:50:29+00:00\",\"description\":\"Proficiency Certificates and Licences, Quality Certificates, EMT, NQA, SCC, ISO\",\"breadcrumb\":{\"@id\":\"https:\\\/\\\/www.utvasut-szeged.hu\\\/en\\\/certifications\\\/#breadcrumb\"},\"inLanguage\":\"en-US\",\"potentialAction\":[{\"@type\":\"ReadAction\",\"target\":[\"https:\\\/\\\/www.utvasut-szeged.hu\\\/en\\\/certifications\\\/\"]}]},{\"@type\":\"BreadcrumbList\",\"@id\":\"https:\\\/\\\/www.utvasut-szeged.hu\\\/en\\\/certifications\\\/#breadcrumb\",\"itemListElement\":[{\"@type\":\"ListItem\",\"position\":1,\"name\":\"Kezd\u0151lap\",\"item\":\"https:\\\/\\\/www.utvasut-szeged.hu\\\/en\\\/\"},{\"@type\":\"ListItem\",\"position\":2,\"name\":\"Certifications\"}]},{\"@type\":\"WebSite\",\"@id\":\"https:\\\/\\\/www.utvasut-szeged.hu\\\/en\\\/#website\",\"url\":\"https:\\\/\\\/www.utvasut-szeged.hu\\\/en\\\/\",\"name\":\"UTVASUT-SZEGED Kft.\",\"description\":\"Ipari \u00e9s technol\u00f3giai \u00e9p\u00edt\u00e9szet\",\"publisher\":{\"@id\":\"https:\\\/\\\/www.utvasut-szeged.hu\\\/en\\\/#organization\"},\"potentialAction\":[{\"@type\":\"SearchAction\",\"target\":{\"@type\":\"EntryPoint\",\"urlTemplate\":\"https:\\\/\\\/www.utvasut-szeged.hu\\\/en\\\/?s={search_term_string}\"},\"query-input\":{\"@type\":\"PropertyValueSpecification\",\"valueRequired\":true,\"valueName\":\"search_term_string\"}}],\"inLanguage\":\"en-US\"},{\"@type\":\"Organization\",\"@id\":\"https:\\\/\\\/www.utvasut-szeged.hu\\\/en\\\/#organization\",\"name\":\"UTVASUT-SZEGED Kft\",\"url\":\"https:\\\/\\\/www.utvasut-szeged.hu\\\/en\\\/\",\"logo\":{\"@type\":\"ImageObject\",\"inLanguage\":\"en-US\",\"@id\":\"https:\\\/\\\/www.utvasut-szeged.hu\\\/en\\\/#\\\/schema\\\/logo\\\/image\\\/\",\"url\":\"https:\\\/\\\/www.utvasut-szeged.hu\\\/wp-content\\\/uploads\\\/2021\\\/03\\\/cropped-UTVASUT_icon.png\",\"contentUrl\":\"https:\\\/\\\/www.utvasut-szeged.hu\\\/wp-content\\\/uploads\\\/2021\\\/03\\\/cropped-UTVASUT_icon.png\",\"width\":512,\"height\":512,\"caption\":\"UTVASUT-SZEGED Kft\"},\"image\":{\"@id\":\"https:\\\/\\\/www.utvasut-szeged.hu\\\/en\\\/#\\\/schema\\\/logo\\\/image\\\/\"}}]}<\/script>\n<!-- \/ Yoast SEO plugin. -->","yoast_head_json":{"title":"Certifications - UTVASUT-SZEGED Kft.","description":"Proficiency Certificates and Licences, Quality Certificates, EMT, NQA, SCC, ISO","robots":{"index":"index","follow":"follow","max-snippet":"max-snippet:-1","max-image-preview":"max-image-preview:large","max-video-preview":"max-video-preview:-1"},"canonical":"https:\/\/www.utvasut-szeged.hu\/en\/certifications\/","og_locale":"en_US","og_type":"article","og_title":"Certifications - UTVASUT-SZEGED Kft.","og_description":"Proficiency Certificates and Licences, Quality Certificates, EMT, NQA, SCC, ISO","og_url":"https:\/\/www.utvasut-szeged.hu\/en\/certifications\/","og_site_name":"UTVASUT-SZEGED Kft.","article_modified_time":"2021-03-05T12:50:29+00:00","twitter_card":"summary_large_image","twitter_misc":{"Est. reading time":"1 minute"},"schema":{"@context":"https:\/\/schema.org","@graph":[{"@type":"WebPage","@id":"https:\/\/www.utvasut-szeged.hu\/en\/certifications\/","url":"https:\/\/www.utvasut-szeged.hu\/en\/certifications\/","name":"Certifications - UTVASUT-SZEGED Kft.","isPartOf":{"@id":"https:\/\/www.utvasut-szeged.hu\/en\/#website"},"datePublished":"2021-03-05T11:15:09+00:00","dateModified":"2021-03-05T12:50:29+00:00","description":"Proficiency Certificates and Licences, Quality Certificates, EMT, NQA, SCC, ISO","breadcrumb":{"@id":"https:\/\/www.utvasut-szeged.hu\/en\/certifications\/#breadcrumb"},"inLanguage":"en-US","potentialAction":[{"@type":"ReadAction","target":["https:\/\/www.utvasut-szeged.hu\/en\/certifications\/"]}]},{"@type":"BreadcrumbList","@id":"https:\/\/www.utvasut-szeged.hu\/en\/certifications\/#breadcrumb","itemListElement":[{"@type":"ListItem","position":1,"name":"Kezd\u0151lap","item":"https:\/\/www.utvasut-szeged.hu\/en\/"},{"@type":"ListItem","position":2,"name":"Certifications"}]},{"@type":"WebSite","@id":"https:\/\/www.utvasut-szeged.hu\/en\/#website","url":"https:\/\/www.utvasut-szeged.hu\/en\/","name":"UTVASUT-SZEGED Kft.","description":"Ipari \u00e9s technol\u00f3giai \u00e9p\u00edt\u00e9szet","publisher":{"@id":"https:\/\/www.utvasut-szeged.hu\/en\/#organization"},"potentialAction":[{"@type":"SearchAction","target":{"@type":"EntryPoint","urlTemplate":"https:\/\/www.utvasut-szeged.hu\/en\/?s={search_term_string}"},"query-input":{"@type":"PropertyValueSpecification","valueRequired":true,"valueName":"search_term_string"}}],"inLanguage":"en-US"},{"@type":"Organization","@id":"https:\/\/www.utvasut-szeged.hu\/en\/#organization","name":"UTVASUT-SZEGED Kft","url":"https:\/\/www.utvasut-szeged.hu\/en\/","logo":{"@type":"ImageObject","inLanguage":"en-US","@id":"https:\/\/www.utvasut-szeged.hu\/en\/#\/schema\/logo\/image\/","url":"https:\/\/www.utvasut-szeged.hu\/wp-content\/uploads\/2021\/03\/cropped-UTVASUT_icon.png","contentUrl":"https:\/\/www.utvasut-szeged.hu\/wp-content\/uploads\/2021\/03\/cropped-UTVASUT_icon.png","width":512,"height":512,"caption":"UTVASUT-SZEGED Kft"},"image":{"@id":"https:\/\/www.utvasut-szeged.hu\/en\/#\/schema\/logo\/image\/"}}]}},"_links":{"self":[{"href":"https:\/\/www.utvasut-szeged.hu\/en\/wp-json\/wp\/v2\/pages\/756","targetHints":{"allow":["GET"]}}],"collection":[{"href":"https:\/\/www.utvasut-szeged.hu\/en\/wp-json\/wp\/v2\/pages"}],"about":[{"href":"https:\/\/www.utvasut-szeged.hu\/en\/wp-json\/wp\/v2\/types\/page"}],"author":[{"embeddable":true,"href":"https:\/\/www.utvasut-szeged.hu\/en\/wp-json\/wp\/v2\/users\/1"}],"replies":[{"embeddable":true,"href":"https:\/\/www.utvasut-szeged.hu\/en\/wp-json\/wp\/v2\/comments?post=756"}],"version-history":[{"count":0,"href":"https:\/\/www.utvasut-szeged.hu\/en\/wp-json\/wp\/v2\/pages\/756\/revisions"}],"wp:attachment":[{"href":"https:\/\/www.utvasut-szeged.hu\/en\/wp-json\/wp\/v2\/media?parent=756"}],"curies":[{"name":"wp","href":"https:\/\/api.w.org\/{rel}","templated":true}]}}